{"id":9,"date":"2018-10-09T10:08:15","date_gmt":"2018-10-09T10:08:15","guid":{"rendered":"http:\/\/www.essencial.ca\/fr\/?page_id=9"},"modified":"2019-05-13T08:38:32","modified_gmt":"2019-05-13T08:38:32","slug":"home","status":"publish","type":"page","link":"https:\/\/www.essencial.ca\/fr\/","title":{"rendered":"Accueil"},"content":{"rendered":"<p style=\"text-align: center;\">Une conversation de coaching porte en elle le potentiel de changements profonds et durables. Le coaching nous aide \u00e0 transformer notre relation vis-\u00e0-vis de nous-m\u00eames et des autres, nous propulsant vers une vie qui nous inspire vraiment.<\/p>\n<p style=\"text-align: center;\">Ensemble, en nous appuyant sur votre propre parcours ainsi que sur mes quinze ann\u00e9es de coaching et mes r\u00f4les en tant que formatrice, mentor et superviseur de coachs, nous m\u00e8nerons des conversations \u00ab&nbsp;essentielles&nbsp;\u00bb qui vous permettront d\u2019atteindre de nouveaux sommets&nbsp;!<\/p>\n","protected":false},"excerpt":{"rendered":"<p>Une conversation de coaching porte en elle le potentiel de changements profonds et durables. Le coaching nous aide \u00e0 transformer notre relation vis-\u00e0-vis de nous-m\u00eames et des autres, nous propulsant vers une vie qui nous inspire vraiment. Ensemble, en nous appuyant sur votre propre parcours ainsi que sur mes quinze ann\u00e9es de coaching et mes &hellip; <\/p>\n<p class=\"link-more\"><a href=\"https:\/\/www.essencial.ca\/fr\/\" class=\"more-link\">Continue reading<span class=\"screen-reader-text\"> &#8220;Accueil&#8221;<\/span><\/a><\/p>\n","protected":false},"author":1,"featured_media":0,"parent":0,"menu_order":0,"comment_status":"closed","ping_status":"closed","template":"","meta":{"footnotes":""},"class_list":["post-9","page","type-page","status-publish","hentry"],"_links":{"self":[{"href":"https:\/\/www.essencial.ca\/fr\/wp-json\/wp\/v2\/pages\/9","targetHints":{"allow":["GET"]}}],"collection":[{"href":"https:\/\/www.essencial.ca\/fr\/wp-json\/wp\/v2\/pages"}],"about":[{"href":"https:\/\/www.essencial.ca\/fr\/wp-json\/wp\/v2\/types\/page"}],"author":[{"embeddable":true,"href":"https:\/\/www.essencial.ca\/fr\/wp-json\/wp\/v2\/users\/1"}],"replies":[{"embeddable":true,"href":"https:\/\/www.essencial.ca\/fr\/wp-json\/wp\/v2\/comments?post=9"}],"version-history":[{"count":19,"href":"https:\/\/www.essencial.ca\/fr\/wp-json\/wp\/v2\/pages\/9\/revisions"}],"predecessor-version":[{"id":392,"href":"https:\/\/www.essencial.ca\/fr\/wp-json\/wp\/v2\/pages\/9\/revisions\/392"}],"wp:attachment":[{"href":"https:\/\/www.essencial.ca\/fr\/wp-json\/wp\/v2\/media?parent=9"}],"curies":[{"name":"wp","href":"https:\/\/api.w.org\/{rel}","templated":true}]}}