{"id":11,"date":"2018-10-09T10:08:15","date_gmt":"2018-10-09T10:08:15","guid":{"rendered":"http:\/\/www.essencial.ca\/fr\/?page_id=11"},"modified":"2019-05-13T08:38:56","modified_gmt":"2019-05-13T08:38:56","slug":"contact","status":"publish","type":"page","link":"https:\/\/www.essencial.ca\/fr\/contact\/","title":{"rendered":"Contact"},"content":{"rendered":"<p>\u00cates-vous pr\u00eat \u00e0 faire un premier pas vers une conversation \u00ab&nbsp;essentielle&nbsp;\u00bb qui vous permettra de passer \u00e0 la vitesse sup\u00e9rieure dans votre vie priv\u00e9e ou professionnelle&nbsp;?<\/p>\n<p>Si c\u2019est le cas, je serais ravie que vous me contactiez&nbsp;!<\/p>\n<p>Courriel&nbsp;:&nbsp; <a href=\"mailto:sophie@essencialconversations.com\">sophie@essencial.ca<\/a><\/p>\n<p>Ligne fixe&nbsp;: +<a href=\"tel:+16049854499\" target=\"_blank\" rel=\"noopener noreferrer\">1 604 985 4499<\/a><\/p>\n<p>Portable&nbsp;: <a href=\"tel:+16045281017\">+1 604 528 1017<\/a><\/p>\n","protected":false},"excerpt":{"rendered":"<p>\u00cates-vous pr\u00eat \u00e0 faire un premier pas vers une conversation \u00ab&nbsp;essentielle&nbsp;\u00bb qui vous permettra de passer \u00e0 la vitesse sup\u00e9rieure dans votre vie priv\u00e9e ou professionnelle&nbsp;? Si c\u2019est le cas, je serais ravie que vous me contactiez&nbsp;! Courriel&nbsp;:&nbsp; sophie@essencial.ca Ligne fixe&nbsp;: +1 604 985 4499 Portable&nbsp;: +1 604 528 1017<\/p>\n","protected":false},"author":1,"featured_media":0,"parent":0,"menu_order":0,"comment_status":"closed","ping_status":"closed","template":"","meta":{"footnotes":""},"class_list":["post-11","page","type-page","status-publish","hentry"],"_links":{"self":[{"href":"https:\/\/www.essencial.ca\/fr\/wp-json\/wp\/v2\/pages\/11","targetHints":{"allow":["GET"]}}],"collection":[{"href":"https:\/\/www.essencial.ca\/fr\/wp-json\/wp\/v2\/pages"}],"about":[{"href":"https:\/\/www.essencial.ca\/fr\/wp-json\/wp\/v2\/types\/page"}],"author":[{"embeddable":true,"href":"https:\/\/www.essencial.ca\/fr\/wp-json\/wp\/v2\/users\/1"}],"replies":[{"embeddable":true,"href":"https:\/\/www.essencial.ca\/fr\/wp-json\/wp\/v2\/comments?post=11"}],"version-history":[{"count":22,"href":"https:\/\/www.essencial.ca\/fr\/wp-json\/wp\/v2\/pages\/11\/revisions"}],"predecessor-version":[{"id":394,"href":"https:\/\/www.essencial.ca\/fr\/wp-json\/wp\/v2\/pages\/11\/revisions\/394"}],"wp:attachment":[{"href":"https:\/\/www.essencial.ca\/fr\/wp-json\/wp\/v2\/media?parent=11"}],"curies":[{"name":"wp","href":"https:\/\/api.w.org\/{rel}","templated":true}]}}