{"id":10,"date":"2018-10-09T10:08:15","date_gmt":"2018-10-09T10:08:15","guid":{"rendered":"http:\/\/www.essencial.ca\/fr\/?page_id=10"},"modified":"2019-05-13T17:17:03","modified_gmt":"2019-05-13T17:17:03","slug":"services","status":"publish","type":"page","link":"https:\/\/www.essencial.ca\/fr\/services\/","title":{"rendered":"D\u00e9finition des services"},"content":{"rendered":"<p>En termes simples, le <a href=\"http:\/\/www.essencial.ca\/fr\/coaching-personnel\/\"><strong>coaching personnel<\/strong><\/a> vise \u00e0 vous permettre d\u2019avancer par rapport \u00e0 un projet personnel ou professionnel. Diff\u00e9rents coachs ont des domaines d\u2019intervention diff\u00e9rents. Chez Essencial Conversations, je me sp\u00e9cialise dans l\u2019accompagnement des personnes qui cherchent \u00e0 d\u00e9velopper leur confiance en elles-m\u00eames pour se lancer dans une nouvelle aventure de leur choix.<\/p>\n<p>Le<a href=\"http:\/\/www.essencial.ca\/fr\/mentoring-de-coach\/\"><strong> mentoring de coach <\/strong><\/a>a pour objet d\u2019accompagner des coachs nouvellement \u00e9tablis ou plus anciens \u00e0 parfaire leurs comp\u00e9tences. Chez Essencial Conversations, le mentoring s\u2019organise g\u00e9n\u00e9ralement autour des <a href=\"https:\/\/www.coachfederation.fr\/je-veux-devenir-coach\/les-11-competences-du-coach-selon-icf\">comp\u00e9tences cl\u00e9s de l&#8217;ICF<\/a>, tout coach empruntant la voie ACSTH ou Portfolio ayant besoin de 10&nbsp;heures de mentoring dans le cadre de son accr\u00e9ditation aupr\u00e8s de l\u2019ICF (il doit \u00e9galement soumettre un ou deux enregistrements de s\u00e9ances pour \u00e9valuation par des examinateurs ind\u00e9pendants). Je me sp\u00e9cialise dans les accr\u00e9ditations de niveau ACC et PCC.<\/p>\n<p>Pour ce qui est de la <a href=\"http:\/\/www.essencial.ca\/fr\/supervision-de-coach\/\"><strong>supervision de coach<\/strong><\/a>, elle s\u2019adresse g\u00e9n\u00e9ralement aux coachs actifs qui cherchent \u00e0 \u00e9changer plus en profondeur et de fa\u00e7on globale sur leur pratique d\u2019ensemble ainsi qu\u2019\u00e0 examiner leur travail avec des clients particuliers.<\/p>\n<p>La supervision a pour objectif d\u2019accompagner le coach dans les services qu\u2019il rend \u00e0 ses clients et aux entreprises dans lesquelles ils travaillent. La supervision sert trois fonctions principales&nbsp;: une fonction <em>formative<\/em>, qui a pour objet le d\u00e9veloppement des comp\u00e9tences du coach&nbsp;; une fonction <em>normative<\/em>, qui examine la qualit\u00e9 des services rendus par le coach, notamment du point de vue \u00e9thique&nbsp;; et une fonction <em>r\u00e9paratrice<\/em>, qui vise \u00e0 accompagner le coach dans ses interactions avec ses clients et les syst\u00e8mes dans lesquels ces derniers \u00e9voluent.<\/p>\n","protected":false},"excerpt":{"rendered":"<p>En termes simples, le coaching personnel vise \u00e0 vous permettre d\u2019avancer par rapport \u00e0 un projet personnel ou professionnel. Diff\u00e9rents coachs ont des domaines d\u2019intervention diff\u00e9rents. Chez Essencial Conversations, je me sp\u00e9cialise dans l\u2019accompagnement des personnes qui cherchent \u00e0 d\u00e9velopper leur confiance en elles-m\u00eames pour se lancer dans une nouvelle aventure de leur choix. Le &hellip; <\/p>\n<p class=\"link-more\"><a href=\"https:\/\/www.essencial.ca\/fr\/services\/\" class=\"more-link\">Continue reading<span class=\"screen-reader-text\"> &#8220;D\u00e9finition des services&#8221;<\/span><\/a><\/p>\n","protected":false},"author":1,"featured_media":7,"parent":0,"menu_order":0,"comment_status":"closed","ping_status":"closed","template":"","meta":{"footnotes":""},"class_list":["post-10","page","type-page","status-publish","has-post-thumbnail","hentry"],"_links":{"self":[{"href":"https:\/\/www.essencial.ca\/fr\/wp-json\/wp\/v2\/pages\/10","targetHints":{"allow":["GET"]}}],"collection":[{"href":"https:\/\/www.essencial.ca\/fr\/wp-json\/wp\/v2\/pages"}],"about":[{"href":"https:\/\/www.essencial.ca\/fr\/wp-json\/wp\/v2\/types\/page"}],"author":[{"embeddable":true,"href":"https:\/\/www.essencial.ca\/fr\/wp-json\/wp\/v2\/users\/1"}],"replies":[{"embeddable":true,"href":"https:\/\/www.essencial.ca\/fr\/wp-json\/wp\/v2\/comments?post=10"}],"version-history":[{"count":26,"href":"https:\/\/www.essencial.ca\/fr\/wp-json\/wp\/v2\/pages\/10\/revisions"}],"predecessor-version":[{"id":407,"href":"https:\/\/www.essencial.ca\/fr\/wp-json\/wp\/v2\/pages\/10\/revisions\/407"}],"wp:featuredmedia":[{"embeddable":true,"href":"https:\/\/www.essencial.ca\/fr\/wp-json\/wp\/v2\/media\/7"}],"wp:attachment":[{"href":"https:\/\/www.essencial.ca\/fr\/wp-json\/wp\/v2\/media?parent=10"}],"curies":[{"name":"wp","href":"https:\/\/api.w.org\/{rel}","templated":true}]}}